{"id":3940,"date":"2024-03-01T09:12:53","date_gmt":"2024-03-01T06:12:53","guid":{"rendered":"https:\/\/maddigital.lt\/kontaktai\/"},"modified":"2025-06-06T11:31:22","modified_gmt":"2025-06-06T08:31:22","slug":"contact-us","status":"publish","type":"page","link":"https:\/\/maddigital.lt\/en\/contact-us\/","title":{"rendered":"Contact us"},"content":{"rendered":"\t\t<div data-elementor-type=\"wp-page\" data-elementor-id=\"3940\" class=\"elementor elementor-3940 elementor-1811\">\n\t\t\t\t<div class=\"elementor-element elementor-element-e954702 elementor-hidden-mobile e-flex e-con-boxed wpr-particle-no wpr-jarallax-no wpr-parallax-no wpr-sticky-section-no e-con e-parent\" data-id=\"e954702\" data-element_type=\"container\" data-settings=\"{&quot;background_background&quot;:&quot;classic&quot;}\">\n\t\t\t\t\t<div class=\"e-con-inner\">\n\t\t\t\t<div class=\"elementor-element elementor-element-0f1fa7f elementor-widget elementor-widget-heading\" data-id=\"0f1fa7f\" data-element_type=\"widget\" data-widget_type=\"heading.default\">\n\t\t\t\t<div class=\"elementor-widget-container\">\n\t\t\t\t\t<h2 class=\"elementor-heading-title elementor-size-default\">book your appointment<\/h2>\t\t\t\t<\/div>\n\t\t\t\t<\/div>\n\t\t\t\t<div class=\"elementor-element elementor-element-0951010 elementor-hidden-mobile elementor-widget elementor-widget-html\" data-id=\"0951010\" data-element_type=\"widget\" data-widget_type=\"html.default\">\n\t\t\t\t<div class=\"elementor-widget-container\">\n\t\t\t\t\t<!-- Calendly inline widget begin -->\r\n<div class=\"calendly-inline-widget\" data-url=\"https:\/\/calendly.com\/maddigital-konsultacija\/maddigital-45min?hide_gdpr_banner=1&background_color=1a1a1a&text_color=FFFFFF&primary_color=fdff00\" style=\"min-width:320px;height:700px;\"><\/div>\r\n<script type=\"text\/javascript\" src=\"https:\/\/assets.calendly.com\/assets\/external\/widget.js\" async><\/script>\r\n<!-- Calendly inline widget end -->\t\t\t\t<\/div>\n\t\t\t\t<\/div>\n\t\t\t\t\t<\/div>\n\t\t\t\t<\/div>\n\t\t<div class=\"elementor-element elementor-element-09e116f elementor-hidden-desktop elementor-hidden-tablet e-flex e-con-boxed wpr-particle-no wpr-jarallax-no wpr-parallax-no wpr-sticky-section-no e-con e-parent\" data-id=\"09e116f\" data-element_type=\"container\" data-settings=\"{&quot;background_background&quot;:&quot;classic&quot;}\">\n\t\t\t\t\t<div class=\"e-con-inner\">\n\t\t\t\t<div class=\"elementor-element elementor-element-71a7c47 elementor-widget elementor-widget-heading\" data-id=\"71a7c47\" data-element_type=\"widget\" data-widget_type=\"heading.default\">\n\t\t\t\t<div class=\"elementor-widget-container\">\n\t\t\t\t\t<h2 class=\"elementor-heading-title elementor-size-default\">rezervuokite<\/br>vizit\u0105<\/h2>\t\t\t\t<\/div>\n\t\t\t\t<\/div>\n\t\t\t\t<div class=\"elementor-element elementor-element-e203921 elementor-hidden-desktop elementor-widget elementor-widget-html\" data-id=\"e203921\" data-element_type=\"widget\" data-widget_type=\"html.default\">\n\t\t\t\t<div class=\"elementor-widget-container\">\n\t\t\t\t\t<!-- Calendly inline widget begin -->\r\n<div class=\"calendly-inline-widget\" data-url=\"https:\/\/calendly.com\/maddigital-konsultacija\/maddigital-45min?hide_gdpr_banner=1&background_color=1a1a1a&text_color=FFFFFF&primary_color=fdff00\" style=\"min-width:320px;height:1300px;\"><\/div>\r\n<script type=\"text\/javascript\" src=\"https:\/\/assets.calendly.com\/assets\/external\/widget.js\" async><\/script>\r\n<!-- Calendly inline widget end -->\t\t\t\t<\/div>\n\t\t\t\t<\/div>\n\t\t\t\t\t<\/div>\n\t\t\t\t<\/div>\n\t\t\t\t<\/div>\n\t\t","protected":false},"excerpt":{"rendered":"<p>book your appointment rezervuokitevizit\u0105<\/p>\n","protected":false},"author":2,"featured_media":0,"parent":0,"menu_order":0,"comment_status":"closed","ping_status":"closed","template":"elementor_header_footer","meta":{"_acf_changed":false,"inline_featured_image":false,"_vp_format_video_url":"","_vp_image_focal_point":[],"footnotes":""},"class_list":["post-3940","page","type-page","status-publish","hentry"],"acf":[],"yoast_head":"<!-- This site is optimized with the Yoast SEO plugin v25.9 - https:\/\/yoast.com\/wordpress\/plugins\/seo\/ -->\n<title>Contact us - Skaitmenin\u0117s rinkodaros agent\u016bra, paslaugos | Mad Digital<\/title>\n<meta name=\"robots\" content=\"index, follow, max-snippet:-1, max-image-preview:large, max-video-preview:-1\" \/>\n<link rel=\"canonical\" href=\"https:\/\/maddigital.lt\/en\/contact-us\/\" \/>\n<meta property=\"og:locale\" content=\"en_US\" \/>\n<meta property=\"og:type\" content=\"article\" \/>\n<meta property=\"og:title\" content=\"Contact us - Skaitmenin\u0117s rinkodaros agent\u016bra, paslaugos | Mad Digital\" \/>\n<meta property=\"og:description\" content=\"book your appointment rezervuokitevizit\u0105\" \/>\n<meta property=\"og:url\" content=\"https:\/\/maddigital.lt\/en\/contact-us\/\" \/>\n<meta property=\"og:site_name\" content=\"Skaitmenin\u0117s rinkodaros agent\u016bra, paslaugos | Mad Digital\" \/>\n<meta property=\"article:modified_time\" content=\"2025-06-06T08:31:22+00:00\" \/>\n<meta property=\"og:image\" content=\"https:\/\/maddigital.lt\/wp-content\/uploads\/2024\/10\/Artboard-1.jpg\" \/>\n\t<meta property=\"og:image:width\" content=\"1200\" \/>\n\t<meta property=\"og:image:height\" content=\"675\" \/>\n\t<meta property=\"og:image:type\" content=\"image\/jpeg\" \/>\n<meta name=\"twitter:card\" content=\"summary_large_image\" \/>\n<meta name=\"twitter:label1\" content=\"Est. reading time\" \/>\n\t<meta name=\"twitter:data1\" content=\"1 minute\" \/>\n<script type=\"application\/ld+json\" class=\"yoast-schema-graph\">{\"@context\":\"https:\/\/schema.org\",\"@graph\":[{\"@type\":\"WebPage\",\"@id\":\"https:\/\/maddigital.lt\/en\/contact-us\/\",\"url\":\"https:\/\/maddigital.lt\/en\/contact-us\/\",\"name\":\"Contact us - Skaitmenin\u0117s rinkodaros agent\u016bra, paslaugos | Mad Digital\",\"isPartOf\":{\"@id\":\"https:\/\/maddigital.lt\/#website\"},\"datePublished\":\"2024-03-01T06:12:53+00:00\",\"dateModified\":\"2025-06-06T08:31:22+00:00\",\"breadcrumb\":{\"@id\":\"https:\/\/maddigital.lt\/en\/contact-us\/#breadcrumb\"},\"inLanguage\":\"en-US\",\"potentialAction\":[{\"@type\":\"ReadAction\",\"target\":[\"https:\/\/maddigital.lt\/en\/contact-us\/\"]}]},{\"@type\":\"BreadcrumbList\",\"@id\":\"https:\/\/maddigital.lt\/en\/contact-us\/#breadcrumb\",\"itemListElement\":[{\"@type\":\"ListItem\",\"position\":1,\"name\":\"Home\",\"item\":\"https:\/\/maddigital.lt\/en\/\"},{\"@type\":\"ListItem\",\"position\":2,\"name\":\"Contact us\"}]},{\"@type\":\"WebSite\",\"@id\":\"https:\/\/maddigital.lt\/#website\",\"url\":\"https:\/\/maddigital.lt\/\",\"name\":\"Skaitmenin\u0117s rinkodaros agent\u016bra, paslaugos | Mad Digital\",\"description\":\"\",\"publisher\":{\"@id\":\"https:\/\/maddigital.lt\/#organization\"},\"potentialAction\":[{\"@type\":\"SearchAction\",\"target\":{\"@type\":\"EntryPoint\",\"urlTemplate\":\"https:\/\/maddigital.lt\/?s={search_term_string}\"},\"query-input\":{\"@type\":\"PropertyValueSpecification\",\"valueRequired\":true,\"valueName\":\"search_term_string\"}}],\"inLanguage\":\"en-US\"},{\"@type\":\"Organization\",\"@id\":\"https:\/\/maddigital.lt\/#organization\",\"name\":\"Skaitmenin\u0117s rinkodaros agent\u016bra, paslaugos | Mad Digital\",\"url\":\"https:\/\/maddigital.lt\/\",\"logo\":{\"@type\":\"ImageObject\",\"inLanguage\":\"en-US\",\"@id\":\"https:\/\/maddigital.lt\/#\/schema\/logo\/image\/\",\"url\":\"https:\/\/maddigital.lt\/wp-content\/uploads\/2024\/10\/MADDIGITAL_AVATAR_1-small.jpg\",\"contentUrl\":\"https:\/\/maddigital.lt\/wp-content\/uploads\/2024\/10\/MADDIGITAL_AVATAR_1-small.jpg\",\"width\":696,\"height\":696,\"caption\":\"Skaitmenin\u0117s rinkodaros agent\u016bra, paslaugos | Mad Digital\"},\"image\":{\"@id\":\"https:\/\/maddigital.lt\/#\/schema\/logo\/image\/\"}}]}<\/script>\n<!-- \/ Yoast SEO plugin. -->","yoast_head_json":{"title":"Contact us - Skaitmenin\u0117s rinkodaros agent\u016bra, paslaugos | Mad Digital","robots":{"index":"index","follow":"follow","max-snippet":"max-snippet:-1","max-image-preview":"max-image-preview:large","max-video-preview":"max-video-preview:-1"},"canonical":"https:\/\/maddigital.lt\/en\/contact-us\/","og_locale":"en_US","og_type":"article","og_title":"Contact us - Skaitmenin\u0117s rinkodaros agent\u016bra, paslaugos | Mad Digital","og_description":"book your appointment rezervuokitevizit\u0105","og_url":"https:\/\/maddigital.lt\/en\/contact-us\/","og_site_name":"Skaitmenin\u0117s rinkodaros agent\u016bra, paslaugos | Mad Digital","article_modified_time":"2025-06-06T08:31:22+00:00","og_image":[{"width":1200,"height":675,"url":"https:\/\/maddigital.lt\/wp-content\/uploads\/2024\/10\/Artboard-1.jpg","type":"image\/jpeg"}],"twitter_card":"summary_large_image","twitter_misc":{"Est. reading time":"1 minute"},"schema":{"@context":"https:\/\/schema.org","@graph":[{"@type":"WebPage","@id":"https:\/\/maddigital.lt\/en\/contact-us\/","url":"https:\/\/maddigital.lt\/en\/contact-us\/","name":"Contact us - Skaitmenin\u0117s rinkodaros agent\u016bra, paslaugos | Mad Digital","isPartOf":{"@id":"https:\/\/maddigital.lt\/#website"},"datePublished":"2024-03-01T06:12:53+00:00","dateModified":"2025-06-06T08:31:22+00:00","breadcrumb":{"@id":"https:\/\/maddigital.lt\/en\/contact-us\/#breadcrumb"},"inLanguage":"en-US","potentialAction":[{"@type":"ReadAction","target":["https:\/\/maddigital.lt\/en\/contact-us\/"]}]},{"@type":"BreadcrumbList","@id":"https:\/\/maddigital.lt\/en\/contact-us\/#breadcrumb","itemListElement":[{"@type":"ListItem","position":1,"name":"Home","item":"https:\/\/maddigital.lt\/en\/"},{"@type":"ListItem","position":2,"name":"Contact us"}]},{"@type":"WebSite","@id":"https:\/\/maddigital.lt\/#website","url":"https:\/\/maddigital.lt\/","name":"Skaitmenin\u0117s rinkodaros agent\u016bra, paslaugos | Mad Digital","description":"","publisher":{"@id":"https:\/\/maddigital.lt\/#organization"},"potentialAction":[{"@type":"SearchAction","target":{"@type":"EntryPoint","urlTemplate":"https:\/\/maddigital.lt\/?s={search_term_string}"},"query-input":{"@type":"PropertyValueSpecification","valueRequired":true,"valueName":"search_term_string"}}],"inLanguage":"en-US"},{"@type":"Organization","@id":"https:\/\/maddigital.lt\/#organization","name":"Skaitmenin\u0117s rinkodaros agent\u016bra, paslaugos | Mad Digital","url":"https:\/\/maddigital.lt\/","logo":{"@type":"ImageObject","inLanguage":"en-US","@id":"https:\/\/maddigital.lt\/#\/schema\/logo\/image\/","url":"https:\/\/maddigital.lt\/wp-content\/uploads\/2024\/10\/MADDIGITAL_AVATAR_1-small.jpg","contentUrl":"https:\/\/maddigital.lt\/wp-content\/uploads\/2024\/10\/MADDIGITAL_AVATAR_1-small.jpg","width":696,"height":696,"caption":"Skaitmenin\u0117s rinkodaros agent\u016bra, paslaugos | Mad Digital"},"image":{"@id":"https:\/\/maddigital.lt\/#\/schema\/logo\/image\/"}}]}},"_links":{"self":[{"href":"https:\/\/maddigital.lt\/en\/wp-json\/wp\/v2\/pages\/3940","targetHints":{"allow":["GET"]}}],"collection":[{"href":"https:\/\/maddigital.lt\/en\/wp-json\/wp\/v2\/pages"}],"about":[{"href":"https:\/\/maddigital.lt\/en\/wp-json\/wp\/v2\/types\/page"}],"author":[{"embeddable":true,"href":"https:\/\/maddigital.lt\/en\/wp-json\/wp\/v2\/users\/2"}],"replies":[{"embeddable":true,"href":"https:\/\/maddigital.lt\/en\/wp-json\/wp\/v2\/comments?post=3940"}],"version-history":[{"count":9,"href":"https:\/\/maddigital.lt\/en\/wp-json\/wp\/v2\/pages\/3940\/revisions"}],"predecessor-version":[{"id":4678,"href":"https:\/\/maddigital.lt\/en\/wp-json\/wp\/v2\/pages\/3940\/revisions\/4678"}],"wp:attachment":[{"href":"https:\/\/maddigital.lt\/en\/wp-json\/wp\/v2\/media?parent=3940"}],"curies":[{"name":"wp","href":"https:\/\/api.w.org\/{rel}","templated":true}]}}